{"id":3737,"date":"2024-02-09T13:03:13","date_gmt":"2024-02-09T12:03:13","guid":{"rendered":"https:\/\/new.ideamatic.net\/?page_id=3737"},"modified":"2024-12-27T12:05:18","modified_gmt":"2024-12-27T11:05:18","slug":"ilustracion","status":"publish","type":"page","link":"https:\/\/new.ideamatic.net\/es\/ilustracion\/","title":{"rendered":"Ilustraci\u00f3n"},"content":{"rendered":"<style>.kb-row-layout-wrap.wp-block-kadence-rowlayout.kb-row-layout-id3737_de210e-a0{margin-bottom:175px;}.kb-row-layout-id3737_de210e-a0 > .kt-row-column-wrap{align-content:start;}:where(.kb-row-layout-id3737_de210e-a0 > .kt-row-column-wrap) > .wp-block-kadence-column{justify-content:start;}.kb-row-layout-id3737_de210e-a0 > .kt-row-column-wrap{column-gap:var(--global-kb-gap-md, 2rem);row-gap:70px;padding-top:60px;padding-bottom:0px;}.kb-row-layout-id3737_de210e-a0 > .kt-row-column-wrap > div:not(.added-for-specificity){grid-column:initial;}.kb-row-layout-id3737_de210e-a0 > .kt-row-column-wrap{grid-template-columns:minmax(0, 1fr);}.kb-row-layout-id3737_de210e-a0 > .kt-row-layout-overlay{opacity:0.30;}@media all and (max-width: 1024px){.kb-row-layout-wrap.wp-block-kadence-rowlayout.kb-row-layout-id3737_de210e-a0{margin-bottom:105px;}}@media all and (max-width: 1024px){.kb-row-layout-id3737_de210e-a0 > .kt-row-column-wrap{row-gap:35px;grid-template-columns:minmax(0, 1fr);}}@media all and (max-width: 1024px){.kb-row-layout-id3737_de210e-a0 > .kt-row-column-wrap > div:not(.added-for-specificity){grid-column:initial;}}@media all and (max-width: 767px){.kb-row-layout-wrap.wp-block-kadence-rowlayout.kb-row-layout-id3737_de210e-a0{margin-bottom:105px;}.kb-row-layout-id3737_de210e-a0 > .kt-row-column-wrap{row-gap:35px;grid-template-columns:minmax(0, 1fr);}.kb-row-layout-id3737_de210e-a0 > .kt-row-column-wrap > div:not(.added-for-specificity){grid-column:initial;}}<\/style><div class=\"kb-row-layout-wrap kb-row-layout-id3737_de210e-a0 alignnone fila--container header wp-block-kadence-rowlayout\"><div class=\"kt-row-column-wrap kt-has-3-columns kt-row-layout-row kt-tab-layout-inherit kt-mobile-layout-row kt-row-valign-top\">\n<style>.kadence-column3737_8211c8-3f > .kt-inside-inner-col,.kadence-column3737_8211c8-3f > .kt-inside-inner-col:before{border-top-left-radius:0px;border-top-right-radius:0px;border-bottom-right-radius:0px;border-bottom-left-radius:0px;}.kadence-column3737_8211c8-3f > .kt-inside-inner-col{column-gap:var(--global-kb-gap-sm, 1rem);}.kadence-column3737_8211c8-3f > .kt-inside-inner-col{flex-direction:column;}.kadence-column3737_8211c8-3f > .kt-inside-inner-col > .aligncenter{width:100%;}.kadence-column3737_8211c8-3f > .kt-inside-inner-col:before{opacity:0.3;}.kadence-column3737_8211c8-3f{position:relative;}@media all and (max-width: 1024px){.kadence-column3737_8211c8-3f > .kt-inside-inner-col{flex-direction:column;justify-content:center;}}@media all and (max-width: 767px){.kadence-column3737_8211c8-3f > .kt-inside-inner-col{flex-direction:column;justify-content:center;}}<\/style>\n<div class=\"wp-block-kadence-column kadence-column3737_8211c8-3f\"><div class=\"kt-inside-inner-col\">\n<p class=\"breadcrumbs\"><a href=\"https:\/\/new.ideamatic.net\/es\/servicios\/\" data-type=\"page\" data-id=\"23\" class=\"breadcrumb--serveis\">Servicios<\/a> <span>\/<\/span> <a href=\"https:\/\/new.ideamatic.net\/es\/diseno-grafico\/\" data-type=\"page\" data-id=\"33\">Dise\u00f1o<\/a><\/p>\n<\/div><\/div>\n\n\n<style>.kadence-column3737_4a0dd2-be > .kt-inside-inner-col,.kadence-column3737_4a0dd2-be > .kt-inside-inner-col:before{border-top-left-radius:0px;border-top-right-radius:0px;border-bottom-right-radius:0px;border-bottom-left-radius:0px;}.kadence-column3737_4a0dd2-be > .kt-inside-inner-col{column-gap:var(--global-kb-gap-sm, 1rem);}.kadence-column3737_4a0dd2-be > .kt-inside-inner-col{flex-direction:column;}.kadence-column3737_4a0dd2-be > .kt-inside-inner-col > .aligncenter{width:100%;}.kadence-column3737_4a0dd2-be > .kt-inside-inner-col:before{opacity:0.3;}.kadence-column3737_4a0dd2-be{position:relative;}@media all and (max-width: 1024px){.kadence-column3737_4a0dd2-be > .kt-inside-inner-col{flex-direction:column;justify-content:center;}}@media all and (max-width: 767px){.kadence-column3737_4a0dd2-be > .kt-inside-inner-col{flex-direction:column;justify-content:center;}}<\/style>\n<div class=\"wp-block-kadence-column kadence-column3737_4a0dd2-be\"><div class=\"kt-inside-inner-col\"><h1 class=\"wp-block-post-title\">Ilustraci\u00f3n<\/h1><\/div><\/div>\n\n\n<style>.kadence-column3737_b133b2-a8 > .kt-inside-inner-col,.kadence-column3737_b133b2-a8 > .kt-inside-inner-col:before{border-top-left-radius:0px;border-top-right-radius:0px;border-bottom-right-radius:0px;border-bottom-left-radius:0px;}.kadence-column3737_b133b2-a8 > .kt-inside-inner-col{column-gap:var(--global-kb-gap-sm, 1rem);}.kadence-column3737_b133b2-a8 > .kt-inside-inner-col{flex-direction:column;}.kadence-column3737_b133b2-a8 > .kt-inside-inner-col > .aligncenter{width:100%;}.kadence-column3737_b133b2-a8 > .kt-inside-inner-col:before{opacity:0.3;}.kadence-column3737_b133b2-a8{position:relative;}@media all and (max-width: 1024px){.kadence-column3737_b133b2-a8 > .kt-inside-inner-col{flex-direction:column;justify-content:center;}}@media all and (max-width: 767px){.kadence-column3737_b133b2-a8 > .kt-inside-inner-col{flex-direction:column;justify-content:center;}}<\/style>\n<div class=\"wp-block-kadence-column kadence-column3737_b133b2-a8\"><div class=\"kt-inside-inner-col\"><style>.wp-block-kadence-advancedheading.kt-adv-heading3737_e37f90-44, .wp-block-kadence-advancedheading.kt-adv-heading3737_e37f90-44[data-kb-block=\"kb-adv-heading3737_e37f90-44\"]{font-style:normal;}.wp-block-kadence-advancedheading.kt-adv-heading3737_e37f90-44 mark.kt-highlight, .wp-block-kadence-advancedheading.kt-adv-heading3737_e37f90-44[data-kb-block=\"kb-adv-heading3737_e37f90-44\"] mark.kt-highlight{font-style:normal;color:#f76a0c;-webkit-box-decoration-break:clone;box-decoration-break:clone;padding-top:0px;padding-right:0px;padding-bottom:0px;padding-left:0px;}.wp-block-kadence-advancedheading.kt-adv-heading3737_e37f90-44 img.kb-inline-image, .wp-block-kadence-advancedheading.kt-adv-heading3737_e37f90-44[data-kb-block=\"kb-adv-heading3737_e37f90-44\"] img.kb-inline-image{width:150px;vertical-align:baseline;}<\/style>\n<h2 class=\"kt-adv-heading3737_e37f90-44 wp-block-kadence-advancedheading\" data-kb-block=\"kb-adv-heading3737_e37f90-44\">Realizamos proyectos de ilustraci\u00f3n y dibujo con un estilo \u00fanico y diferenciador. El poder de s\u00edntesis de la ilustraci\u00f3n a menudo es la mejor forma de transmitir tu idea de manera visualmente atractiva.<\/h2>\n<\/div><\/div>\n\n<\/div><\/div>\n\n<style>.kb-row-layout-wrap.wp-block-kadence-rowlayout.kb-row-layout-id3737_169f97-03{margin-top:0px;margin-bottom:0px;}.kb-row-layout-id3737_169f97-03 > .kt-row-column-wrap{align-content:start;}:where(.kb-row-layout-id3737_169f97-03 > .kt-row-column-wrap) > .wp-block-kadence-column{justify-content:start;}.kb-row-layout-id3737_169f97-03 > .kt-row-column-wrap{column-gap:var(--global-kb-gap-md, 2rem);row-gap:var(--global-kb-gap-md, 2rem);padding-top:0px;padding-right:0px;padding-bottom:0px;padding-left:0px;grid-template-columns:minmax(0, 1fr);}.kb-row-layout-id3737_169f97-03 > .kt-row-layout-overlay{opacity:0.30;}@media all and (max-width: 1024px){.kb-row-layout-id3737_169f97-03 > .kt-row-column-wrap{grid-template-columns:minmax(0, 1fr);}}@media all and (max-width: 767px){.kb-row-layout-id3737_169f97-03 > .kt-row-column-wrap{grid-template-columns:minmax(0, 1fr);}}<\/style><div class=\"kb-row-layout-wrap kb-row-layout-id3737_169f97-03 alignfull tinta--home wp-block-kadence-rowlayout\"><div class=\"kt-row-column-wrap kt-has-1-columns kt-row-layout-equal kt-tab-layout-inherit kt-mobile-layout-row kt-row-valign-top\">\n<style>.kadence-column3737_eb90a4-1b > .kt-inside-inner-col{padding-top:0px;padding-right:0px;padding-bottom:0px;padding-left:0px;}.kadence-column3737_eb90a4-1b > .kt-inside-inner-col,.kadence-column3737_eb90a4-1b > .kt-inside-inner-col:before{border-top-left-radius:0px;border-top-right-radius:0px;border-bottom-right-radius:0px;border-bottom-left-radius:0px;}.kadence-column3737_eb90a4-1b > .kt-inside-inner-col{column-gap:var(--global-kb-gap-sm, 1rem);}.kadence-column3737_eb90a4-1b > .kt-inside-inner-col{flex-direction:column;}.kadence-column3737_eb90a4-1b > .kt-inside-inner-col > .aligncenter{width:100%;}.kadence-column3737_eb90a4-1b > .kt-inside-inner-col:before{opacity:0.3;}.kadence-column3737_eb90a4-1b{position:relative;}.kadence-column3737_eb90a4-1b, .kt-inside-inner-col > .kadence-column3737_eb90a4-1b:not(.specificity){margin-top:0px;margin-bottom:0px;}@media all and (max-width: 1024px){.kadence-column3737_eb90a4-1b > .kt-inside-inner-col{flex-direction:column;justify-content:center;}}@media all and (max-width: 767px){.kadence-column3737_eb90a4-1b > .kt-inside-inner-col{flex-direction:column;justify-content:center;}}<\/style>\n<div class=\"wp-block-kadence-column kadence-column3737_eb90a4-1b\"><div class=\"kt-inside-inner-col\"><div class=\"n2_clear\"><ss3-force-full-width data-overflow-x=\"body\" data-horizontal-selector=\"body\"><div class=\"n2-section-smartslider fitvidsignore  n2_clear\" data-ssid=\"5\" tabindex=\"0\" role=\"region\" aria-label=\"Tinta Superior\" data-alias=\"tinta\"><div id=\"n2-ss-5-align\" class=\"n2-ss-align\"><div class=\"n2-padding\"><div id=\"n2-ss-5\" data-creator=\"Smart Slider 3\" data-responsive=\"fullwidth\" class=\"n2-ss-slider n2-ow n2-has-hover n2notransition tinta \">\n        <div class=\"n2-ss-slider-1 n2-ow\">\n            <div class=\"n2-ss-slider-2 n2-ow\">\n                <div class=\"n2-ss-slide-backgrounds n2-ow-all\"><div class=\"n2-ss-slide-background\" data-public-id=\"1\" data-mode=\"fill\"><div data-color=\"RGBA(255,255,255,0)\" style=\"background-color: RGBA(255,255,255,0);\" class=\"n2-ss-slide-background-color\"><\/div><\/div><\/div>                <div class=\"n2-ss-slider-3 n2-ow\">\n                    <svg xmlns=\"http:\/\/www.w3.org\/2000\/svg\" viewBox=\"0 0 1200 100\" data-related-device=\"desktopPortrait\" class=\"n2-ow n2-ss-preserve-size n2-ss-preserve-size--slider n2-ss-slide-limiter\"><\/svg><div data-first=\"1\" data-slide-duration=\"0\" data-id=\"38\" data-slide-public-id=\"1\" data-title=\"Slide\" class=\"n2-ss-slide n2-ow  n2-ss-slide-38\"><div role=\"note\" class=\"n2-ss-slide--focus\" tabindex=\"-1\">Slide<\/div><div class=\"n2-ss-layers-container n2-ss-slide-limiter n2-ow\"><div class=\"n2-ss-layer n2-ow n-uc-75xWqxXshQiP\" data-sstype=\"slide\" data-pm=\"default\"><\/div><\/div><\/div>                <\/div>\n                <div id=\"n2-ss-5-shape-divider-top\" class=\"n2-ss-shape-divider n2-ss-shape-divider-top\" data-ss-sd-animate=\"1\" data-ss-sd-scroll=\"grow\" data-ss-sd-speed=\"300\" data-ss-sd-side=\"top\" aria-hidden=\"true\"><div class=\"n2-ss-shape-divider-inner\" style=\"transform:scaleY(0)\"><svg xmlns=\"http:\/\/www.w3.org\/2000\/svg\" viewBox=\"0 0 1920 120\" preserveAspectRatio=\"none\" data-yoyo=\"1\"> <path fill=\"RGBA(255,255,255,1)\" duration=\"4\" ease=\"easeInOutSine\" d=\"M1920,5 C1808,5,1699,109,1526,109 C1365,109,1271,13,1080,13 C925,13,840.152,62,716,62 C565,62,521,13,377,13 C229,13,132,103,0,103 L0,-2 L1920,-2 L1920,5Z\" to-d=\"M1920,106 C1753.761,106,1659.906,10,1512,10 C1352,10,1263,75,1080,75 C934,75,837,4,669,4 C478,4,424,120,196,120 C88,120,0,93,0,93 L0,-2 L1920,-2 L1920,106Z\"><\/path> <path fill=\"RGBA(255,255,255,0)\" duration=\"3.8\" delay=\"0.5\" ease=\"easeInOutSine\" d=\"M1920,106 C1753.761,106,1659.906,10,1512,10 C1352,10,1263,75,1080,75 C934,75,837,4,669,4 C478,4,424,120,196,120 C88,120,0,93,0,93 L0,-2 L1920,-2 L1920,106Z\" to-d=\"M1920,5 C1808,5,1699,109,1526,109 C1365,109,1271,13,1080,13 C925,13,840.152,62,716,62 C565,62,521,13,377,13 C229,13,132,103,0,103 L0,-2 L1920,-2 L1920,5Z\"><\/path><\/svg><\/div><\/div>            <\/div>\n        <\/div>\n        <\/div><ss3-loader><\/ss3-loader><\/div><\/div><div class=\"n2_clear\"><\/div><\/div><\/ss3-force-full-width><\/div><\/div><\/div>\n\n<\/div><\/div>\n\n<style>.kb-row-layout-wrap.wp-block-kadence-rowlayout.kb-row-layout-id3737_1ce2bf-05{margin-top:0px;margin-bottom:0px;}.kb-row-layout-id3737_1ce2bf-05 > .kt-row-column-wrap{align-content:start;}:where(.kb-row-layout-id3737_1ce2bf-05 > .kt-row-column-wrap) > .wp-block-kadence-column{justify-content:start;}.kb-row-layout-id3737_1ce2bf-05 > .kt-row-column-wrap{column-gap:var(--global-kb-gap-md, 2rem);row-gap:var(--global-kb-gap-md, 2rem);padding-top:175px;padding-bottom:175px;grid-template-columns:minmax(0, 1fr);}.kb-row-layout-id3737_1ce2bf-05 > .kt-row-layout-overlay{opacity:0.30;}@media all and (max-width: 1024px){.kb-row-layout-id3737_1ce2bf-05 > .kt-row-column-wrap{padding-top:70px;padding-bottom:0px;grid-template-columns:minmax(0, 1fr);}}@media all and (max-width: 767px){.kb-row-layout-id3737_1ce2bf-05 > .kt-row-column-wrap{padding-top:70px;padding-bottom:70px;grid-template-columns:minmax(0, 1fr);}}<\/style><div class=\"kb-row-layout-wrap kb-row-layout-id3737_1ce2bf-05 alignfull has-black-background-color kt-row-has-bg fila--container servei full subhome wp-block-kadence-rowlayout\"><div class=\"kt-row-column-wrap kt-has-1-columns kt-row-layout-equal kt-tab-layout-inherit kt-mobile-layout-row kt-row-valign-top\">\n<style>.kadence-column3737_ccb207-d5 > .kt-inside-inner-col,.kadence-column3737_ccb207-d5 > .kt-inside-inner-col:before{border-top-left-radius:0px;border-top-right-radius:0px;border-bottom-right-radius:0px;border-bottom-left-radius:0px;}.kadence-column3737_ccb207-d5 > .kt-inside-inner-col{column-gap:var(--global-kb-gap-sm, 1rem);}.kadence-column3737_ccb207-d5 > .kt-inside-inner-col{flex-direction:column;}.kadence-column3737_ccb207-d5 > .kt-inside-inner-col > .aligncenter{width:100%;}.kadence-column3737_ccb207-d5 > .kt-inside-inner-col:before{opacity:0.3;}.kadence-column3737_ccb207-d5{position:relative;}@media all and (max-width: 1024px){.kadence-column3737_ccb207-d5 > .kt-inside-inner-col{flex-direction:column;justify-content:center;}}@media all and (max-width: 767px){.kadence-column3737_ccb207-d5 > .kt-inside-inner-col{flex-direction:column;justify-content:center;}}<\/style>\n<div class=\"wp-block-kadence-column kadence-column3737_ccb207-d5\"><div class=\"kt-inside-inner-col\"><style>.kb-row-layout-wrap.wp-block-kadence-rowlayout.kb-row-layout-id3737_193b15-c1{margin-bottom:0px;}.kb-row-layout-id3737_193b15-c1 > .kt-row-column-wrap{align-content:start;}:where(.kb-row-layout-id3737_193b15-c1 > .kt-row-column-wrap) > .wp-block-kadence-column{justify-content:start;}.kb-row-layout-id3737_193b15-c1 > .kt-row-column-wrap{column-gap:140px;row-gap:var(--global-kb-gap-md, 2rem);padding-top:0px;padding-bottom:0px;grid-template-columns:repeat(2, minmax(0, 1fr));}.kb-row-layout-id3737_193b15-c1 > .kt-row-layout-overlay{opacity:0.30;}@media all and (max-width: 1024px){.kb-row-layout-wrap.wp-block-kadence-rowlayout.kb-row-layout-id3737_193b15-c1{margin-bottom:70px;}}@media all and (max-width: 1024px){.kb-row-layout-id3737_193b15-c1 > .kt-row-column-wrap{column-gap:70px;grid-template-columns:repeat(2, minmax(0, 1fr));}}@media all and (max-width: 767px){.kb-row-layout-wrap.wp-block-kadence-rowlayout.kb-row-layout-id3737_193b15-c1{margin-bottom:0px;}.kb-row-layout-id3737_193b15-c1 > .kt-row-column-wrap{row-gap:0px;grid-template-columns:minmax(0, 1fr);}}<\/style><div class=\"kb-row-layout-wrap kb-row-layout-id3737_193b15-c1 alignnone container fila--container servei wp-block-kadence-rowlayout\"><div class=\"kt-row-column-wrap kt-has-2-columns kt-row-layout-equal kt-tab-layout-inherit kt-mobile-layout-row kt-row-valign-top\">\n<style>.kadence-column3737_4b0696-89 > .kt-inside-inner-col,.kadence-column3737_4b0696-89 > .kt-inside-inner-col:before{border-top-left-radius:0px;border-top-right-radius:0px;border-bottom-right-radius:0px;border-bottom-left-radius:0px;}.kadence-column3737_4b0696-89 > .kt-inside-inner-col{column-gap:var(--global-kb-gap-sm, 1rem);}.kadence-column3737_4b0696-89 > .kt-inside-inner-col{flex-direction:column;}.kadence-column3737_4b0696-89 > .kt-inside-inner-col > .aligncenter{width:100%;}.kadence-column3737_4b0696-89 > .kt-inside-inner-col:before{opacity:0.3;}.kadence-column3737_4b0696-89{position:relative;}@media all and (max-width: 1024px){.kadence-column3737_4b0696-89 > .kt-inside-inner-col{flex-direction:column;justify-content:center;}}@media all and (max-width: 767px){.kadence-column3737_4b0696-89 > .kt-inside-inner-col{flex-direction:column;justify-content:center;}}<\/style>\n<div class=\"wp-block-kadence-column kadence-column3737_4b0696-89\" data-aos=\"fade-up\" data-aos-delay=\"500\" data-aos-once=\"true\"><div class=\"kt-inside-inner-col\"><style>.wp-block-kadence-advancedheading.kt-adv-heading3737_cf78da-fa, .wp-block-kadence-advancedheading.kt-adv-heading3737_cf78da-fa[data-kb-block=\"kb-adv-heading3737_cf78da-fa\"]{font-style:normal;}.wp-block-kadence-advancedheading.kt-adv-heading3737_cf78da-fa mark.kt-highlight, .wp-block-kadence-advancedheading.kt-adv-heading3737_cf78da-fa[data-kb-block=\"kb-adv-heading3737_cf78da-fa\"] mark.kt-highlight{font-style:normal;color:#f76a0c;-webkit-box-decoration-break:clone;box-decoration-break:clone;padding-top:0px;padding-right:0px;padding-bottom:0px;padding-left:0px;}.wp-block-kadence-advancedheading.kt-adv-heading3737_cf78da-fa img.kb-inline-image, .wp-block-kadence-advancedheading.kt-adv-heading3737_cf78da-fa[data-kb-block=\"kb-adv-heading3737_cf78da-fa\"] img.kb-inline-image{width:150px;vertical-align:baseline;}<\/style>\n<h3 class=\"kt-adv-heading3737_cf78da-fa wp-block-kadence-advancedheading has-white-color has-text-color\" data-kb-block=\"kb-adv-heading3737_cf78da-fa\" data-aos-easing=\"ease-in\">Somos ilustradores.<\/h3>\n<\/div><\/div>\n\n\n<style>.kadence-column3737_75c1c3-24 > .kt-inside-inner-col,.kadence-column3737_75c1c3-24 > .kt-inside-inner-col:before{border-top-left-radius:0px;border-top-right-radius:0px;border-bottom-right-radius:0px;border-bottom-left-radius:0px;}.kadence-column3737_75c1c3-24 > .kt-inside-inner-col{column-gap:var(--global-kb-gap-sm, 1rem);}.kadence-column3737_75c1c3-24 > .kt-inside-inner-col{flex-direction:column;}.kadence-column3737_75c1c3-24 > .kt-inside-inner-col > .aligncenter{width:100%;}.kadence-column3737_75c1c3-24 > .kt-inside-inner-col:before{opacity:0.3;}.kadence-column3737_75c1c3-24{position:relative;}@media all and (max-width: 1024px){.kadence-column3737_75c1c3-24 > .kt-inside-inner-col{flex-direction:column;justify-content:center;}}@media all and (max-width: 767px){.kadence-column3737_75c1c3-24 > .kt-inside-inner-col{flex-direction:column;justify-content:center;}}<\/style>\n<div class=\"wp-block-kadence-column kadence-column3737_75c1c3-24\" data-aos=\"fade-up\" data-aos-delay=\"600\" data-aos-once=\"true\"><div class=\"kt-inside-inner-col\">\n<p class=\"has-white-color has-text-color has-link-color wp-elements-b4455e140fde41c95f2c698b15fac6b3\">Nos gusta aprovechar el poder comunicativo y de s\u00edntesis de la ilustraci\u00f3n para aquellos proyectos que lo requieran. Creamos ilustraciones que te ayudar\u00e1n a construir un estilo \u00fanico que te har\u00e1 destacar por encima de las im\u00e1genes y fotograf\u00edas de stock tan vistas.<\/p>\n\n\n<style>.wp-block-kadence-spacer.kt-block-spacer-3737_b85b33-19 .kt-block-spacer{height:6px;}.wp-block-kadence-spacer.kt-block-spacer-3737_b85b33-19 .kt-divider{border-top-width:1px;height:1px;border-top-color:#eee;width:80%;border-top-style:solid;}<\/style>\n<div class=\"wp-block-kadence-spacer aligncenter kt-block-spacer-3737_b85b33-19 kvs-md-false kvs-sm-false separador--subhomes\"><div class=\"kt-block-spacer kt-block-spacer-halign-center\"><\/div><\/div>\n\n\n\n<p class=\"has-white-color has-text-color has-link-color wp-elements-8dbd4f69b59e90f79199d29ec3671372\">Desde ilustraciones por web, editorial, dise\u00f1o de infograf\u00edas, hasta el dise\u00f1o de iconos, somos capaces de hacer que tu idea comunique de forma original y efectiva.<\/p>\n<\/div><\/div>\n\n<\/div><\/div><\/div><\/div>\n\n<\/div><\/div>","protected":false},"excerpt":{"rendered":"<p>Realizamos proyectos de ilustraci\u00f3n y dibujo con un estilo \u00fanico y diferenciador. El poder de s\u00edntesis de la ilustraci\u00f3n a menudo es la mejor forma de transmitir tu idea de manera visualmente atractiva. Somos ilustradores. Nos gusta aprovechar el poder comunicativo y de s\u00edntesis de la ilustraci\u00f3n para aquellos proyectos que lo requieran. Creamos ilustraciones &hellip;<\/p>\n","protected":false},"author":1,"featured_media":0,"parent":0,"menu_order":0,"comment_status":"closed","ping_status":"closed","template":"templates\/template-builder.php","meta":{"inline_featured_image":false,"_kad_blocks_custom_css":"","_kad_blocks_head_custom_js":"","_kad_blocks_body_custom_js":"","_kad_blocks_footer_custom_js":"","footnotes":""},"class_list":["post-3737","page","type-page","status-publish","hentry","post","without-featured-image"],"taxonomy_info":[],"featured_image_src_large":false,"author_info":{"display_name":"admin","author_link":"https:\/\/new.ideamatic.net\/es\/author\/ideadmin\/"},"comment_info":0,"_links":{"self":[{"href":"https:\/\/new.ideamatic.net\/es\/wp-json\/wp\/v2\/pages\/3737","targetHints":{"allow":["GET"]}}],"collection":[{"href":"https:\/\/new.ideamatic.net\/es\/wp-json\/wp\/v2\/pages"}],"about":[{"href":"https:\/\/new.ideamatic.net\/es\/wp-json\/wp\/v2\/types\/page"}],"author":[{"embeddable":true,"href":"https:\/\/new.ideamatic.net\/es\/wp-json\/wp\/v2\/users\/1"}],"replies":[{"embeddable":true,"href":"https:\/\/new.ideamatic.net\/es\/wp-json\/wp\/v2\/comments?post=3737"}],"version-history":[{"count":1,"href":"https:\/\/new.ideamatic.net\/es\/wp-json\/wp\/v2\/pages\/3737\/revisions"}],"predecessor-version":[{"id":3738,"href":"https:\/\/new.ideamatic.net\/es\/wp-json\/wp\/v2\/pages\/3737\/revisions\/3738"}],"wp:attachment":[{"href":"https:\/\/new.ideamatic.net\/es\/wp-json\/wp\/v2\/media?parent=3737"}],"curies":[{"name":"wp","href":"https:\/\/api.w.org\/{rel}","templated":true}]}}