{"id":3745,"date":"2024-02-09T13:08:50","date_gmt":"2024-02-09T12:08:50","guid":{"rendered":"https:\/\/new.ideamatic.net\/?page_id=3745"},"modified":"2024-12-27T12:22:06","modified_gmt":"2024-12-27T11:22:06","slug":"marketing-digital-y-seo","status":"publish","type":"page","link":"https:\/\/new.ideamatic.net\/es\/marketing-digital-y-seo\/","title":{"rendered":"Marketing digital y SEO"},"content":{"rendered":"<style>.kb-row-layout-wrap.wp-block-kadence-rowlayout.kb-row-layout-id3745_a53381-70{margin-bottom:175px;}.kb-row-layout-id3745_a53381-70 > .kt-row-column-wrap{align-content:start;}:where(.kb-row-layout-id3745_a53381-70 > .kt-row-column-wrap) > .wp-block-kadence-column{justify-content:start;}.kb-row-layout-id3745_a53381-70 > .kt-row-column-wrap{column-gap:var(--global-kb-gap-md, 2rem);row-gap:70px;padding-top:60px;padding-bottom:0px;}.kb-row-layout-id3745_a53381-70 > .kt-row-column-wrap > div:not(.added-for-specificity){grid-column:initial;}.kb-row-layout-id3745_a53381-70 > .kt-row-column-wrap{grid-template-columns:minmax(0, 1fr);}.kb-row-layout-id3745_a53381-70 > .kt-row-layout-overlay{opacity:0.30;}@media all and (max-width: 1024px){.kb-row-layout-wrap.wp-block-kadence-rowlayout.kb-row-layout-id3745_a53381-70{margin-bottom:105px;}}@media all and (max-width: 1024px){.kb-row-layout-id3745_a53381-70 > .kt-row-column-wrap{row-gap:35px;grid-template-columns:minmax(0, 1fr);}}@media all and (max-width: 1024px){.kb-row-layout-id3745_a53381-70 > .kt-row-column-wrap > div:not(.added-for-specificity){grid-column:initial;}}@media all and (max-width: 767px){.kb-row-layout-wrap.wp-block-kadence-rowlayout.kb-row-layout-id3745_a53381-70{margin-bottom:105px;}.kb-row-layout-id3745_a53381-70 > .kt-row-column-wrap{row-gap:35px;grid-template-columns:minmax(0, 1fr);}.kb-row-layout-id3745_a53381-70 > .kt-row-column-wrap > div:not(.added-for-specificity){grid-column:initial;}}<\/style><div class=\"kb-row-layout-wrap kb-row-layout-id3745_a53381-70 alignnone fila--container header wp-block-kadence-rowlayout\"><div class=\"kt-row-column-wrap kt-has-3-columns kt-row-layout-row kt-tab-layout-inherit kt-mobile-layout-row kt-row-valign-top\">\n<style>.kadence-column3745_ce5180-2c > .kt-inside-inner-col,.kadence-column3745_ce5180-2c > .kt-inside-inner-col:before{border-top-left-radius:0px;border-top-right-radius:0px;border-bottom-right-radius:0px;border-bottom-left-radius:0px;}.kadence-column3745_ce5180-2c > .kt-inside-inner-col{column-gap:var(--global-kb-gap-sm, 1rem);}.kadence-column3745_ce5180-2c > .kt-inside-inner-col{flex-direction:column;}.kadence-column3745_ce5180-2c > .kt-inside-inner-col > .aligncenter{width:100%;}.kadence-column3745_ce5180-2c > .kt-inside-inner-col:before{opacity:0.3;}.kadence-column3745_ce5180-2c{position:relative;}@media all and (max-width: 1024px){.kadence-column3745_ce5180-2c > .kt-inside-inner-col{flex-direction:column;justify-content:center;}}@media all and (max-width: 767px){.kadence-column3745_ce5180-2c > .kt-inside-inner-col{flex-direction:column;justify-content:center;}}<\/style>\n<div class=\"wp-block-kadence-column kadence-column3745_ce5180-2c\"><div class=\"kt-inside-inner-col\"><p class=\"breadcrumbs\"><a href=\"https:\/\/new.ideamatic.net\/es\/servicios\/\" data-type=\"page\" data-id=\"23\" class=\"breadcrumb--serveis\">Servicios<\/a> <span>\/<\/span> <a href=\"https:\/\/new.ideamatic.net\/branding-i-projectes-digitals\/\" data-type=\"page\" data-id=\"33\">Branding y proyectos digitales<\/a><\/p><\/div><\/div>\n\n\n<style>.kadence-column3745_201cc2-f7 > .kt-inside-inner-col,.kadence-column3745_201cc2-f7 > .kt-inside-inner-col:before{border-top-left-radius:0px;border-top-right-radius:0px;border-bottom-right-radius:0px;border-bottom-left-radius:0px;}.kadence-column3745_201cc2-f7 > .kt-inside-inner-col{column-gap:var(--global-kb-gap-sm, 1rem);}.kadence-column3745_201cc2-f7 > .kt-inside-inner-col{flex-direction:column;}.kadence-column3745_201cc2-f7 > .kt-inside-inner-col > .aligncenter{width:100%;}.kadence-column3745_201cc2-f7 > .kt-inside-inner-col:before{opacity:0.3;}.kadence-column3745_201cc2-f7{position:relative;}@media all and (max-width: 1024px){.kadence-column3745_201cc2-f7 > .kt-inside-inner-col{flex-direction:column;justify-content:center;}}@media all and (max-width: 767px){.kadence-column3745_201cc2-f7 > .kt-inside-inner-col{flex-direction:column;justify-content:center;}}<\/style>\n<div class=\"wp-block-kadence-column kadence-column3745_201cc2-f7\"><div class=\"kt-inside-inner-col\"><h1 class=\"wp-block-post-title\">Marketing digital y SEO<\/h1><\/div><\/div>\n\n\n<style>.kadence-column3745_86fdcb-93 > .kt-inside-inner-col,.kadence-column3745_86fdcb-93 > .kt-inside-inner-col:before{border-top-left-radius:0px;border-top-right-radius:0px;border-bottom-right-radius:0px;border-bottom-left-radius:0px;}.kadence-column3745_86fdcb-93 > .kt-inside-inner-col{column-gap:var(--global-kb-gap-sm, 1rem);}.kadence-column3745_86fdcb-93 > .kt-inside-inner-col{flex-direction:column;}.kadence-column3745_86fdcb-93 > .kt-inside-inner-col > .aligncenter{width:100%;}.kadence-column3745_86fdcb-93 > .kt-inside-inner-col:before{opacity:0.3;}.kadence-column3745_86fdcb-93{position:relative;}@media all and (max-width: 1024px){.kadence-column3745_86fdcb-93 > .kt-inside-inner-col{flex-direction:column;justify-content:center;}}@media all and (max-width: 767px){.kadence-column3745_86fdcb-93 > .kt-inside-inner-col{flex-direction:column;justify-content:center;}}<\/style>\n<div class=\"wp-block-kadence-column kadence-column3745_86fdcb-93\"><div class=\"kt-inside-inner-col\"><style>.wp-block-kadence-advancedheading.kt-adv-heading3745_dfaf2d-60, .wp-block-kadence-advancedheading.kt-adv-heading3745_dfaf2d-60[data-kb-block=\"kb-adv-heading3745_dfaf2d-60\"]{font-style:normal;}.wp-block-kadence-advancedheading.kt-adv-heading3745_dfaf2d-60 mark.kt-highlight, .wp-block-kadence-advancedheading.kt-adv-heading3745_dfaf2d-60[data-kb-block=\"kb-adv-heading3745_dfaf2d-60\"] mark.kt-highlight{font-style:normal;color:#f76a0c;-webkit-box-decoration-break:clone;box-decoration-break:clone;padding-top:0px;padding-right:0px;padding-bottom:0px;padding-left:0px;}.wp-block-kadence-advancedheading.kt-adv-heading3745_dfaf2d-60 img.kb-inline-image, .wp-block-kadence-advancedheading.kt-adv-heading3745_dfaf2d-60[data-kb-block=\"kb-adv-heading3745_dfaf2d-60\"] img.kb-inline-image{width:150px;vertical-align:baseline;}<\/style>\n<h2 class=\"kt-adv-heading3745_dfaf2d-60 wp-block-kadence-advancedheading\" data-kb-block=\"kb-adv-heading3745_dfaf2d-60\">Ya tienes una web, pero ahora, \u00bfc\u00f3mo podr\u00e1 encontrarlo tu p\u00fablico objetivo? En Ideamatic ofrecemos consultor\u00edas de marketing digital y SEO para optimizar tu p\u00e1gina web y asegurarnos de que aparece entre los primeros resultados de los motores de b\u00fasqueda, aumentando as\u00ed tu visibilidad.<\/h2>\n<\/div><\/div>\n\n<\/div><\/div>\n\n<style>.kb-row-layout-wrap.wp-block-kadence-rowlayout.kb-row-layout-id3745_954059-3f{margin-top:0px;margin-bottom:0px;}.kb-row-layout-id3745_954059-3f > .kt-row-column-wrap{align-content:start;}:where(.kb-row-layout-id3745_954059-3f > .kt-row-column-wrap) > .wp-block-kadence-column{justify-content:start;}.kb-row-layout-id3745_954059-3f > .kt-row-column-wrap{column-gap:var(--global-kb-gap-md, 2rem);row-gap:var(--global-kb-gap-md, 2rem);padding-top:0px;padding-right:0px;padding-bottom:0px;padding-left:0px;grid-template-columns:minmax(0, 1fr);}.kb-row-layout-id3745_954059-3f > .kt-row-layout-overlay{opacity:0.30;}@media all and (max-width: 1024px){.kb-row-layout-id3745_954059-3f > .kt-row-column-wrap{grid-template-columns:minmax(0, 1fr);}}@media all and (max-width: 767px){.kb-row-layout-id3745_954059-3f > .kt-row-column-wrap{grid-template-columns:minmax(0, 1fr);}}<\/style><div class=\"kb-row-layout-wrap kb-row-layout-id3745_954059-3f alignfull tinta--home wp-block-kadence-rowlayout\"><div class=\"kt-row-column-wrap kt-has-1-columns kt-row-layout-equal kt-tab-layout-inherit kt-mobile-layout-row kt-row-valign-top\">\n<style>.kadence-column3745_310123-a0 > .kt-inside-inner-col{padding-top:0px;padding-right:0px;padding-bottom:0px;padding-left:0px;}.kadence-column3745_310123-a0 > .kt-inside-inner-col,.kadence-column3745_310123-a0 > .kt-inside-inner-col:before{border-top-left-radius:0px;border-top-right-radius:0px;border-bottom-right-radius:0px;border-bottom-left-radius:0px;}.kadence-column3745_310123-a0 > .kt-inside-inner-col{column-gap:var(--global-kb-gap-sm, 1rem);}.kadence-column3745_310123-a0 > .kt-inside-inner-col{flex-direction:column;}.kadence-column3745_310123-a0 > .kt-inside-inner-col > .aligncenter{width:100%;}.kadence-column3745_310123-a0 > .kt-inside-inner-col:before{opacity:0.3;}.kadence-column3745_310123-a0{position:relative;}.kadence-column3745_310123-a0, .kt-inside-inner-col > .kadence-column3745_310123-a0:not(.specificity){margin-top:0px;margin-bottom:0px;}@media all and (max-width: 1024px){.kadence-column3745_310123-a0 > .kt-inside-inner-col{flex-direction:column;justify-content:center;}}@media all and (max-width: 767px){.kadence-column3745_310123-a0 > .kt-inside-inner-col{flex-direction:column;justify-content:center;}}<\/style>\n<div class=\"wp-block-kadence-column kadence-column3745_310123-a0\"><div class=\"kt-inside-inner-col\"><div class=\"n2_clear\"><ss3-force-full-width data-overflow-x=\"body\" data-horizontal-selector=\"body\"><div class=\"n2-section-smartslider fitvidsignore  n2_clear\" data-ssid=\"5\" tabindex=\"0\" role=\"region\" aria-label=\"Tinta Superior\" data-alias=\"tinta\"><div id=\"n2-ss-5-align\" class=\"n2-ss-align\"><div class=\"n2-padding\"><div id=\"n2-ss-5\" data-creator=\"Smart Slider 3\" data-responsive=\"fullwidth\" class=\"n2-ss-slider n2-ow n2-has-hover n2notransition tinta \">\n        <div class=\"n2-ss-slider-1 n2-ow\">\n            <div class=\"n2-ss-slider-2 n2-ow\">\n                <div class=\"n2-ss-slide-backgrounds n2-ow-all\"><div class=\"n2-ss-slide-background\" data-public-id=\"1\" data-mode=\"fill\"><div data-color=\"RGBA(255,255,255,0)\" style=\"background-color: RGBA(255,255,255,0);\" class=\"n2-ss-slide-background-color\"><\/div><\/div><\/div>                <div class=\"n2-ss-slider-3 n2-ow\">\n                    <svg xmlns=\"http:\/\/www.w3.org\/2000\/svg\" viewBox=\"0 0 1200 100\" data-related-device=\"desktopPortrait\" class=\"n2-ow n2-ss-preserve-size n2-ss-preserve-size--slider n2-ss-slide-limiter\"><\/svg><div data-first=\"1\" data-slide-duration=\"0\" data-id=\"38\" data-slide-public-id=\"1\" data-title=\"Slide\" class=\"n2-ss-slide n2-ow  n2-ss-slide-38\"><div role=\"note\" class=\"n2-ss-slide--focus\" tabindex=\"-1\">Slide<\/div><div class=\"n2-ss-layers-container n2-ss-slide-limiter n2-ow\"><div class=\"n2-ss-layer n2-ow n-uc-75xWqxXshQiP\" data-sstype=\"slide\" data-pm=\"default\"><\/div><\/div><\/div>                <\/div>\n                <div id=\"n2-ss-5-shape-divider-top\" class=\"n2-ss-shape-divider n2-ss-shape-divider-top\" data-ss-sd-animate=\"1\" data-ss-sd-scroll=\"grow\" data-ss-sd-speed=\"300\" data-ss-sd-side=\"top\" aria-hidden=\"true\"><div class=\"n2-ss-shape-divider-inner\" style=\"transform:scaleY(0)\"><svg xmlns=\"http:\/\/www.w3.org\/2000\/svg\" viewBox=\"0 0 1920 120\" preserveAspectRatio=\"none\" data-yoyo=\"1\"> <path fill=\"RGBA(255,255,255,1)\" duration=\"4\" ease=\"easeInOutSine\" d=\"M1920,5 C1808,5,1699,109,1526,109 C1365,109,1271,13,1080,13 C925,13,840.152,62,716,62 C565,62,521,13,377,13 C229,13,132,103,0,103 L0,-2 L1920,-2 L1920,5Z\" to-d=\"M1920,106 C1753.761,106,1659.906,10,1512,10 C1352,10,1263,75,1080,75 C934,75,837,4,669,4 C478,4,424,120,196,120 C88,120,0,93,0,93 L0,-2 L1920,-2 L1920,106Z\"><\/path> <path fill=\"RGBA(255,255,255,0)\" duration=\"3.8\" delay=\"0.5\" ease=\"easeInOutSine\" d=\"M1920,106 C1753.761,106,1659.906,10,1512,10 C1352,10,1263,75,1080,75 C934,75,837,4,669,4 C478,4,424,120,196,120 C88,120,0,93,0,93 L0,-2 L1920,-2 L1920,106Z\" to-d=\"M1920,5 C1808,5,1699,109,1526,109 C1365,109,1271,13,1080,13 C925,13,840.152,62,716,62 C565,62,521,13,377,13 C229,13,132,103,0,103 L0,-2 L1920,-2 L1920,5Z\"><\/path><\/svg><\/div><\/div>            <\/div>\n        <\/div>\n        <\/div><ss3-loader><\/ss3-loader><\/div><\/div><div class=\"n2_clear\"><\/div><\/div><\/ss3-force-full-width><\/div><\/div><\/div>\n\n<\/div><\/div>\n\n<style>.kb-row-layout-wrap.wp-block-kadence-rowlayout.kb-row-layout-id3745_34310e-57{margin-top:0px;margin-bottom:0px;}.kb-row-layout-id3745_34310e-57 > .kt-row-column-wrap{align-content:start;}:where(.kb-row-layout-id3745_34310e-57 > .kt-row-column-wrap) > .wp-block-kadence-column{justify-content:start;}.kb-row-layout-id3745_34310e-57 > .kt-row-column-wrap{column-gap:var(--global-kb-gap-md, 2rem);row-gap:var(--global-kb-gap-md, 2rem);padding-top:175px;padding-bottom:175px;grid-template-columns:minmax(0, 1fr);}.kb-row-layout-id3745_34310e-57 > .kt-row-layout-overlay{opacity:0.30;}@media all and (max-width: 1024px){.kb-row-layout-id3745_34310e-57 > .kt-row-column-wrap{padding-top:70px;padding-bottom:0px;grid-template-columns:minmax(0, 1fr);}}@media all and (max-width: 767px){.kb-row-layout-id3745_34310e-57 > .kt-row-column-wrap{padding-top:70px;padding-bottom:70px;grid-template-columns:minmax(0, 1fr);}}<\/style><div class=\"kb-row-layout-wrap kb-row-layout-id3745_34310e-57 alignfull has-black-background-color kt-row-has-bg fila--container servei full subhome wp-block-kadence-rowlayout\"><div class=\"kt-row-column-wrap kt-has-1-columns kt-row-layout-equal kt-tab-layout-inherit kt-mobile-layout-row kt-row-valign-top\">\n<style>.kadence-column3745_06425f-0f > .kt-inside-inner-col,.kadence-column3745_06425f-0f > .kt-inside-inner-col:before{border-top-left-radius:0px;border-top-right-radius:0px;border-bottom-right-radius:0px;border-bottom-left-radius:0px;}.kadence-column3745_06425f-0f > .kt-inside-inner-col{column-gap:var(--global-kb-gap-sm, 1rem);}.kadence-column3745_06425f-0f > .kt-inside-inner-col{flex-direction:column;}.kadence-column3745_06425f-0f > .kt-inside-inner-col > .aligncenter{width:100%;}.kadence-column3745_06425f-0f > .kt-inside-inner-col:before{opacity:0.3;}.kadence-column3745_06425f-0f{position:relative;}@media all and (max-width: 1024px){.kadence-column3745_06425f-0f > .kt-inside-inner-col{flex-direction:column;justify-content:center;}}@media all and (max-width: 767px){.kadence-column3745_06425f-0f > .kt-inside-inner-col{flex-direction:column;justify-content:center;}}<\/style>\n<div class=\"wp-block-kadence-column kadence-column3745_06425f-0f\"><div class=\"kt-inside-inner-col\"><style>.kb-row-layout-wrap.wp-block-kadence-rowlayout.kb-row-layout-id3745_139ea2-e9{margin-bottom:0px;}.kb-row-layout-id3745_139ea2-e9 > .kt-row-column-wrap{align-content:start;}:where(.kb-row-layout-id3745_139ea2-e9 > .kt-row-column-wrap) > .wp-block-kadence-column{justify-content:start;}.kb-row-layout-id3745_139ea2-e9 > .kt-row-column-wrap{column-gap:140px;row-gap:var(--global-kb-gap-md, 2rem);padding-top:0px;padding-bottom:0px;grid-template-columns:repeat(2, minmax(0, 1fr));}.kb-row-layout-id3745_139ea2-e9 > .kt-row-layout-overlay{opacity:0.30;}@media all and (max-width: 1024px){.kb-row-layout-wrap.wp-block-kadence-rowlayout.kb-row-layout-id3745_139ea2-e9{margin-bottom:70px;}}@media all and (max-width: 1024px){.kb-row-layout-id3745_139ea2-e9 > .kt-row-column-wrap{column-gap:70px;grid-template-columns:repeat(2, minmax(0, 1fr));}}@media all and (max-width: 767px){.kb-row-layout-wrap.wp-block-kadence-rowlayout.kb-row-layout-id3745_139ea2-e9{margin-bottom:0px;}.kb-row-layout-id3745_139ea2-e9 > .kt-row-column-wrap{row-gap:0px;grid-template-columns:minmax(0, 1fr);}}<\/style><div class=\"kb-row-layout-wrap kb-row-layout-id3745_139ea2-e9 alignnone container fila--container servei wp-block-kadence-rowlayout\"><div class=\"kt-row-column-wrap kt-has-2-columns kt-row-layout-equal kt-tab-layout-inherit kt-mobile-layout-row kt-row-valign-top\">\n<style>.kadence-column3745_61bdfa-9c > .kt-inside-inner-col,.kadence-column3745_61bdfa-9c > .kt-inside-inner-col:before{border-top-left-radius:0px;border-top-right-radius:0px;border-bottom-right-radius:0px;border-bottom-left-radius:0px;}.kadence-column3745_61bdfa-9c > .kt-inside-inner-col{column-gap:var(--global-kb-gap-sm, 1rem);}.kadence-column3745_61bdfa-9c > .kt-inside-inner-col{flex-direction:column;}.kadence-column3745_61bdfa-9c > .kt-inside-inner-col > .aligncenter{width:100%;}.kadence-column3745_61bdfa-9c > .kt-inside-inner-col:before{opacity:0.3;}.kadence-column3745_61bdfa-9c{position:relative;}@media all and (max-width: 1024px){.kadence-column3745_61bdfa-9c > .kt-inside-inner-col{flex-direction:column;justify-content:center;}}@media all and (max-width: 767px){.kadence-column3745_61bdfa-9c > .kt-inside-inner-col{flex-direction:column;justify-content:center;}}<\/style>\n<div class=\"wp-block-kadence-column kadence-column3745_61bdfa-9c\" data-aos=\"fade-up\" data-aos-delay=\"500\" data-aos-once=\"true\"><div class=\"kt-inside-inner-col\"><style>.wp-block-kadence-advancedheading.kt-adv-heading3745_18a98e-82, .wp-block-kadence-advancedheading.kt-adv-heading3745_18a98e-82[data-kb-block=\"kb-adv-heading3745_18a98e-82\"]{font-style:normal;}.wp-block-kadence-advancedheading.kt-adv-heading3745_18a98e-82 mark.kt-highlight, .wp-block-kadence-advancedheading.kt-adv-heading3745_18a98e-82[data-kb-block=\"kb-adv-heading3745_18a98e-82\"] mark.kt-highlight{font-style:normal;color:#f76a0c;-webkit-box-decoration-break:clone;box-decoration-break:clone;padding-top:0px;padding-right:0px;padding-bottom:0px;padding-left:0px;}.wp-block-kadence-advancedheading.kt-adv-heading3745_18a98e-82 img.kb-inline-image, .wp-block-kadence-advancedheading.kt-adv-heading3745_18a98e-82[data-kb-block=\"kb-adv-heading3745_18a98e-82\"] img.kb-inline-image{width:150px;vertical-align:baseline;}<\/style>\n<h3 class=\"kt-adv-heading3745_18a98e-82 wp-block-kadence-advancedheading has-white-color has-text-color\" data-kb-block=\"kb-adv-heading3745_18a98e-82\" data-aos-easing=\"ease-in\">Consultor\u00eda y plan estrat\u00e9gico de marketing digital.<\/h3>\n<\/div><\/div>\n\n\n<style>.kadence-column3745_2c98a3-6b > .kt-inside-inner-col,.kadence-column3745_2c98a3-6b > .kt-inside-inner-col:before{border-top-left-radius:0px;border-top-right-radius:0px;border-bottom-right-radius:0px;border-bottom-left-radius:0px;}.kadence-column3745_2c98a3-6b > .kt-inside-inner-col{column-gap:var(--global-kb-gap-sm, 1rem);}.kadence-column3745_2c98a3-6b > .kt-inside-inner-col{flex-direction:column;}.kadence-column3745_2c98a3-6b > .kt-inside-inner-col > .aligncenter{width:100%;}.kadence-column3745_2c98a3-6b > .kt-inside-inner-col:before{opacity:0.3;}.kadence-column3745_2c98a3-6b{position:relative;}@media all and (max-width: 1024px){.kadence-column3745_2c98a3-6b > .kt-inside-inner-col{flex-direction:column;justify-content:center;}}@media all and (max-width: 767px){.kadence-column3745_2c98a3-6b > .kt-inside-inner-col{flex-direction:column;justify-content:center;}}<\/style>\n<div class=\"wp-block-kadence-column kadence-column3745_2c98a3-6b\" data-aos=\"fade-up\" data-aos-delay=\"600\" data-aos-once=\"true\"><div class=\"kt-inside-inner-col\">\n<p class=\"has-white-color has-text-color has-link-color wp-elements-dcf7819935619244f8610b5bed3ce33b\">Te ayudamos a desarrollar un plan estrat\u00e9gico personalizado para conseguir que tu p\u00fablico objetivo encuentre tu p\u00e1gina web y generar nuevas oportunidades de negocio. Definiremos acciones concretas y mensurables, teniendo en cuenta los recursos disponibles. Evaluaremos la necesidad de crear nuevas p\u00e1ginas de aterrizaje (landing pages), invertir en publicidad online y en qu\u00e9 canales, o elaborar un plan de contenidos (content plan) que optimice el SEO para atraer a tus clientes potenciales.<\/p>\n\n\n<style>.wp-block-kadence-spacer.kt-block-spacer-3745_cb3141-ee .kt-block-spacer{height:6px;}.wp-block-kadence-spacer.kt-block-spacer-3745_cb3141-ee .kt-divider{border-top-width:1px;height:1px;border-top-color:#eee;width:80%;border-top-style:solid;}<\/style>\n<div class=\"wp-block-kadence-spacer aligncenter kt-block-spacer-3745_cb3141-ee kvs-md-false kvs-sm-false separador--subhomes\"><div class=\"kt-block-spacer kt-block-spacer-halign-center\"><\/div><\/div>\n\n\n\n<p class=\"has-white-color has-text-color has-link-color wp-elements-b1238254759aa692879ba53ce5f04b04\">Tambi\u00e9n planificaremos la estrategia de redes sociales, si es necesario, e implementaremos el plan con un calendario claro y con tareas asignadas al equipo de comunicaci\u00f3n o administraci\u00f3n de la web. Mediremos los resultados para asegurarnos de que las acciones tomadas son efectivas.<\/p>\n<\/div><\/div>\n\n<\/div><\/div><\/div><\/div>\n\n<\/div><\/div>","protected":false},"excerpt":{"rendered":"<p>Ya tienes una web, pero ahora, \u00bfc\u00f3mo podr\u00e1 encontrarlo tu p\u00fablico objetivo? En Ideamatic ofrecemos consultor\u00edas de marketing digital y SEO para optimizar tu p\u00e1gina web y asegurarnos de que aparece entre los primeros resultados de los motores de b\u00fasqueda, aumentando as\u00ed tu visibilidad. Consultor\u00eda y plan estrat\u00e9gico de marketing digital. Te ayudamos a desarrollar &hellip;<\/p>\n","protected":false},"author":1,"featured_media":0,"parent":0,"menu_order":0,"comment_status":"closed","ping_status":"closed","template":"templates\/template-builder.php","meta":{"inline_featured_image":false,"_kad_blocks_custom_css":"","_kad_blocks_head_custom_js":"","_kad_blocks_body_custom_js":"","_kad_blocks_footer_custom_js":"","footnotes":""},"class_list":["post-3745","page","type-page","status-publish","hentry","post","without-featured-image"],"taxonomy_info":[],"featured_image_src_large":false,"author_info":{"display_name":"admin","author_link":"https:\/\/new.ideamatic.net\/es\/author\/ideadmin\/"},"comment_info":0,"_links":{"self":[{"href":"https:\/\/new.ideamatic.net\/es\/wp-json\/wp\/v2\/pages\/3745","targetHints":{"allow":["GET"]}}],"collection":[{"href":"https:\/\/new.ideamatic.net\/es\/wp-json\/wp\/v2\/pages"}],"about":[{"href":"https:\/\/new.ideamatic.net\/es\/wp-json\/wp\/v2\/types\/page"}],"author":[{"embeddable":true,"href":"https:\/\/new.ideamatic.net\/es\/wp-json\/wp\/v2\/users\/1"}],"replies":[{"embeddable":true,"href":"https:\/\/new.ideamatic.net\/es\/wp-json\/wp\/v2\/comments?post=3745"}],"version-history":[{"count":1,"href":"https:\/\/new.ideamatic.net\/es\/wp-json\/wp\/v2\/pages\/3745\/revisions"}],"predecessor-version":[{"id":3746,"href":"https:\/\/new.ideamatic.net\/es\/wp-json\/wp\/v2\/pages\/3745\/revisions\/3746"}],"wp:attachment":[{"href":"https:\/\/new.ideamatic.net\/es\/wp-json\/wp\/v2\/media?parent=3745"}],"curies":[{"name":"wp","href":"https:\/\/api.w.org\/{rel}","templated":true}]}}